{"id":233,"date":"2024-05-06T22:09:03","date_gmt":"2024-05-06T19:09:03","guid":{"rendered":"https:\/\/sealmaker.fi\/?page_id=233"},"modified":"2025-06-26T20:19:04","modified_gmt":"2025-06-26T17:19:04","slug":"materialutbud","status":"publish","type":"page","link":"https:\/\/sealmaker.fi\/sv\/materialutbud\/","title":{"rendered":"Materialutbud"},"content":{"rendered":"","protected":false},"excerpt":{"rendered":"","protected":false},"author":1,"featured_media":0,"parent":0,"menu_order":0,"comment_status":"closed","ping_status":"closed","template":"","meta":{"footnotes":""},"class_list":["post-233","page","type-page","status-publish","hentry"],"yoast_head":"<!-- This site is optimized with the Yoast SEO plugin v27.2 - https:\/\/yoast.com\/product\/yoast-seo-wordpress\/ -->\n<title>Materialutbud &gt; F\u00f6rpackning &gt; T\u00e4tningar &gt; Isolering - Sealmaker<\/title>\n<meta name=\"description\" content=\"Vi tillverkar f\u00f6rpackningar, t\u00e4tningar och isolering efter dina behov. Du v\u00e4ljer form, storlek, kvantitet och material efter din egen smak.\" \/>\n<meta name=\"robots\" content=\"index, follow, max-snippet:-1, max-image-preview:large, max-video-preview:-1\" \/>\n<link rel=\"canonical\" href=\"https:\/\/sealmaker.fi\/sv\/materialutbud\/\" \/>\n<meta property=\"og:locale\" content=\"sv_SE\" \/>\n<meta property=\"og:type\" content=\"article\" \/>\n<meta property=\"og:title\" content=\"Materialutbud &gt; F\u00f6rpackning &gt; T\u00e4tningar &gt; Isolering - Sealmaker\" \/>\n<meta property=\"og:description\" content=\"Vi tillverkar f\u00f6rpackningar, t\u00e4tningar och isolering efter dina behov. Du v\u00e4ljer form, storlek, kvantitet och material efter din egen smak.\" \/>\n<meta property=\"og:url\" content=\"https:\/\/sealmaker.fi\/sv\/materialutbud\/\" \/>\n<meta property=\"og:site_name\" content=\"Sealmaker\" \/>\n<meta property=\"article:modified_time\" content=\"2025-06-26T17:19:04+00:00\" \/>\n<meta name=\"twitter:card\" content=\"summary_large_image\" \/>\n<script type=\"application\/ld+json\" class=\"yoast-schema-graph\">{\"@context\":\"https:\/\/schema.org\",\"@graph\":[{\"@type\":\"WebPage\",\"@id\":\"https:\/\/sealmaker.fi\/sv\/materialutbud\/\",\"url\":\"https:\/\/sealmaker.fi\/sv\/materialutbud\/\",\"name\":\"Materialutbud > F\u00f6rpackning > T\u00e4tningar > Isolering - Sealmaker\",\"isPartOf\":{\"@id\":\"https:\/\/sealmaker.fi\/#website\"},\"datePublished\":\"2024-05-06T19:09:03+00:00\",\"dateModified\":\"2025-06-26T17:19:04+00:00\",\"description\":\"Vi tillverkar f\u00f6rpackningar, t\u00e4tningar och isolering efter dina behov. Du v\u00e4ljer form, storlek, kvantitet och material efter din egen smak.\",\"breadcrumb\":{\"@id\":\"https:\/\/sealmaker.fi\/sv\/materialutbud\/#breadcrumb\"},\"inLanguage\":\"sv-SE\",\"potentialAction\":[{\"@type\":\"ReadAction\",\"target\":[\"https:\/\/sealmaker.fi\/sv\/materialutbud\/\"]}]},{\"@type\":\"BreadcrumbList\",\"@id\":\"https:\/\/sealmaker.fi\/sv\/materialutbud\/#breadcrumb\",\"itemListElement\":[{\"@type\":\"ListItem\",\"position\":1,\"name\":\"Etusivu\",\"item\":\"https:\/\/sealmaker.fi\/sv\/\"},{\"@type\":\"ListItem\",\"position\":2,\"name\":\"Materialutbud\"}]},{\"@type\":\"WebSite\",\"@id\":\"https:\/\/sealmaker.fi\/#website\",\"url\":\"https:\/\/sealmaker.fi\/\",\"name\":\"Sealmaker\",\"description\":\"\",\"potentialAction\":[{\"@type\":\"SearchAction\",\"target\":{\"@type\":\"EntryPoint\",\"urlTemplate\":\"https:\/\/sealmaker.fi\/?s={search_term_string}\"},\"query-input\":{\"@type\":\"PropertyValueSpecification\",\"valueRequired\":true,\"valueName\":\"search_term_string\"}}],\"inLanguage\":\"sv-SE\"}]}<\/script>\n<!-- \/ Yoast SEO plugin. -->","yoast_head_json":{"title":"Materialutbud > F\u00f6rpackning > T\u00e4tningar > Isolering - Sealmaker","description":"Vi tillverkar f\u00f6rpackningar, t\u00e4tningar och isolering efter dina behov. Du v\u00e4ljer form, storlek, kvantitet och material efter din egen smak.","robots":{"index":"index","follow":"follow","max-snippet":"max-snippet:-1","max-image-preview":"max-image-preview:large","max-video-preview":"max-video-preview:-1"},"canonical":"https:\/\/sealmaker.fi\/sv\/materialutbud\/","og_locale":"sv_SE","og_type":"article","og_title":"Materialutbud > F\u00f6rpackning > T\u00e4tningar > Isolering - Sealmaker","og_description":"Vi tillverkar f\u00f6rpackningar, t\u00e4tningar och isolering efter dina behov. Du v\u00e4ljer form, storlek, kvantitet och material efter din egen smak.","og_url":"https:\/\/sealmaker.fi\/sv\/materialutbud\/","og_site_name":"Sealmaker","article_modified_time":"2025-06-26T17:19:04+00:00","twitter_card":"summary_large_image","schema":{"@context":"https:\/\/schema.org","@graph":[{"@type":"WebPage","@id":"https:\/\/sealmaker.fi\/sv\/materialutbud\/","url":"https:\/\/sealmaker.fi\/sv\/materialutbud\/","name":"Materialutbud > F\u00f6rpackning > T\u00e4tningar > Isolering - Sealmaker","isPartOf":{"@id":"https:\/\/sealmaker.fi\/#website"},"datePublished":"2024-05-06T19:09:03+00:00","dateModified":"2025-06-26T17:19:04+00:00","description":"Vi tillverkar f\u00f6rpackningar, t\u00e4tningar och isolering efter dina behov. Du v\u00e4ljer form, storlek, kvantitet och material efter din egen smak.","breadcrumb":{"@id":"https:\/\/sealmaker.fi\/sv\/materialutbud\/#breadcrumb"},"inLanguage":"sv-SE","potentialAction":[{"@type":"ReadAction","target":["https:\/\/sealmaker.fi\/sv\/materialutbud\/"]}]},{"@type":"BreadcrumbList","@id":"https:\/\/sealmaker.fi\/sv\/materialutbud\/#breadcrumb","itemListElement":[{"@type":"ListItem","position":1,"name":"Etusivu","item":"https:\/\/sealmaker.fi\/sv\/"},{"@type":"ListItem","position":2,"name":"Materialutbud"}]},{"@type":"WebSite","@id":"https:\/\/sealmaker.fi\/#website","url":"https:\/\/sealmaker.fi\/","name":"Sealmaker","description":"","potentialAction":[{"@type":"SearchAction","target":{"@type":"EntryPoint","urlTemplate":"https:\/\/sealmaker.fi\/?s={search_term_string}"},"query-input":{"@type":"PropertyValueSpecification","valueRequired":true,"valueName":"search_term_string"}}],"inLanguage":"sv-SE"}]}},"_links":{"self":[{"href":"https:\/\/sealmaker.fi\/sv\/wp-json\/wp\/v2\/pages\/233","targetHints":{"allow":["GET"]}}],"collection":[{"href":"https:\/\/sealmaker.fi\/sv\/wp-json\/wp\/v2\/pages"}],"about":[{"href":"https:\/\/sealmaker.fi\/sv\/wp-json\/wp\/v2\/types\/page"}],"author":[{"embeddable":true,"href":"https:\/\/sealmaker.fi\/sv\/wp-json\/wp\/v2\/users\/1"}],"replies":[{"embeddable":true,"href":"https:\/\/sealmaker.fi\/sv\/wp-json\/wp\/v2\/comments?post=233"}],"version-history":[{"count":1,"href":"https:\/\/sealmaker.fi\/sv\/wp-json\/wp\/v2\/pages\/233\/revisions"}],"predecessor-version":[{"id":234,"href":"https:\/\/sealmaker.fi\/sv\/wp-json\/wp\/v2\/pages\/233\/revisions\/234"}],"wp:attachment":[{"href":"https:\/\/sealmaker.fi\/sv\/wp-json\/wp\/v2\/media?parent=233"}],"curies":[{"name":"wp","href":"https:\/\/api.w.org\/{rel}","templated":true}]}}