{"id":240,"date":"2024-05-06T22:14:44","date_gmt":"2024-05-06T19:14:44","guid":{"rendered":"https:\/\/sealmaker.fi\/?page_id=240"},"modified":"2025-06-26T20:25:04","modified_gmt":"2025-06-26T17:25:04","slug":"gummi","status":"publish","type":"page","link":"https:\/\/sealmaker.fi\/sv\/materialutbud\/gummi\/","title":{"rendered":"Gummi"},"content":{"rendered":"","protected":false},"excerpt":{"rendered":"","protected":false},"author":1,"featured_media":0,"parent":233,"menu_order":3,"comment_status":"closed","ping_status":"closed","template":"","meta":{"footnotes":""},"class_list":["post-240","page","type-page","status-publish","hentry"],"yoast_head":"<!-- This site is optimized with the Yoast SEO plugin v27.2 - https:\/\/yoast.com\/product\/yoast-seo-wordpress\/ -->\n<title>Gummi - Sealmaker Finland Oy<\/title>\n<meta name=\"description\" content=\"Gummi f\u00f6r sv\u00e5ra f\u00f6rh\u00e5llanden. Gummierna har god mekanisk best\u00e4ndighet och st\u00f6td\u00e4mpningsegenskap och anv\u00e4nds under sv\u00e5ra f\u00f6rh\u00e5llanden.\" \/>\n<meta name=\"robots\" content=\"index, follow, max-snippet:-1, max-image-preview:large, max-video-preview:-1\" \/>\n<link rel=\"canonical\" href=\"https:\/\/sealmaker.fi\/sv\/materialutbud\/gummi\/\" \/>\n<meta property=\"og:locale\" content=\"sv_SE\" \/>\n<meta property=\"og:type\" content=\"article\" \/>\n<meta property=\"og:title\" content=\"Gummi - Sealmaker Finland Oy\" \/>\n<meta property=\"og:description\" content=\"Gummi f\u00f6r sv\u00e5ra f\u00f6rh\u00e5llanden. Gummierna har god mekanisk best\u00e4ndighet och st\u00f6td\u00e4mpningsegenskap och anv\u00e4nds under sv\u00e5ra f\u00f6rh\u00e5llanden.\" \/>\n<meta property=\"og:url\" content=\"https:\/\/sealmaker.fi\/sv\/materialutbud\/gummi\/\" \/>\n<meta property=\"og:site_name\" content=\"Sealmaker\" \/>\n<meta property=\"article:modified_time\" content=\"2025-06-26T17:25:04+00:00\" \/>\n<meta name=\"twitter:card\" content=\"summary_large_image\" \/>\n<script type=\"application\/ld+json\" class=\"yoast-schema-graph\">{\"@context\":\"https:\/\/schema.org\",\"@graph\":[{\"@type\":\"WebPage\",\"@id\":\"https:\/\/sealmaker.fi\/sv\/materialutbud\/gummi\/\",\"url\":\"https:\/\/sealmaker.fi\/sv\/materialutbud\/gummi\/\",\"name\":\"Gummi - Sealmaker Finland Oy\",\"isPartOf\":{\"@id\":\"https:\/\/sealmaker.fi\/#website\"},\"datePublished\":\"2024-05-06T19:14:44+00:00\",\"dateModified\":\"2025-06-26T17:25:04+00:00\",\"description\":\"Gummi f\u00f6r sv\u00e5ra f\u00f6rh\u00e5llanden. Gummierna har god mekanisk best\u00e4ndighet och st\u00f6td\u00e4mpningsegenskap och anv\u00e4nds under sv\u00e5ra f\u00f6rh\u00e5llanden.\",\"breadcrumb\":{\"@id\":\"https:\/\/sealmaker.fi\/sv\/materialutbud\/gummi\/#breadcrumb\"},\"inLanguage\":\"sv-SE\",\"potentialAction\":[{\"@type\":\"ReadAction\",\"target\":[\"https:\/\/sealmaker.fi\/sv\/materialutbud\/gummi\/\"]}]},{\"@type\":\"BreadcrumbList\",\"@id\":\"https:\/\/sealmaker.fi\/sv\/materialutbud\/gummi\/#breadcrumb\",\"itemListElement\":[{\"@type\":\"ListItem\",\"position\":1,\"name\":\"Etusivu\",\"item\":\"https:\/\/sealmaker.fi\/sv\/\"},{\"@type\":\"ListItem\",\"position\":2,\"name\":\"Materialutbud\",\"item\":\"https:\/\/sealmaker.fi\/sv\/materialutbud\/\"},{\"@type\":\"ListItem\",\"position\":3,\"name\":\"Gummi\"}]},{\"@type\":\"WebSite\",\"@id\":\"https:\/\/sealmaker.fi\/#website\",\"url\":\"https:\/\/sealmaker.fi\/\",\"name\":\"Sealmaker\",\"description\":\"\",\"potentialAction\":[{\"@type\":\"SearchAction\",\"target\":{\"@type\":\"EntryPoint\",\"urlTemplate\":\"https:\/\/sealmaker.fi\/?s={search_term_string}\"},\"query-input\":{\"@type\":\"PropertyValueSpecification\",\"valueRequired\":true,\"valueName\":\"search_term_string\"}}],\"inLanguage\":\"sv-SE\"}]}<\/script>\n<!-- \/ Yoast SEO plugin. -->","yoast_head_json":{"title":"Gummi - Sealmaker Finland Oy","description":"Gummi f\u00f6r sv\u00e5ra f\u00f6rh\u00e5llanden. Gummierna har god mekanisk best\u00e4ndighet och st\u00f6td\u00e4mpningsegenskap och anv\u00e4nds under sv\u00e5ra f\u00f6rh\u00e5llanden.","robots":{"index":"index","follow":"follow","max-snippet":"max-snippet:-1","max-image-preview":"max-image-preview:large","max-video-preview":"max-video-preview:-1"},"canonical":"https:\/\/sealmaker.fi\/sv\/materialutbud\/gummi\/","og_locale":"sv_SE","og_type":"article","og_title":"Gummi - Sealmaker Finland Oy","og_description":"Gummi f\u00f6r sv\u00e5ra f\u00f6rh\u00e5llanden. Gummierna har god mekanisk best\u00e4ndighet och st\u00f6td\u00e4mpningsegenskap och anv\u00e4nds under sv\u00e5ra f\u00f6rh\u00e5llanden.","og_url":"https:\/\/sealmaker.fi\/sv\/materialutbud\/gummi\/","og_site_name":"Sealmaker","article_modified_time":"2025-06-26T17:25:04+00:00","twitter_card":"summary_large_image","schema":{"@context":"https:\/\/schema.org","@graph":[{"@type":"WebPage","@id":"https:\/\/sealmaker.fi\/sv\/materialutbud\/gummi\/","url":"https:\/\/sealmaker.fi\/sv\/materialutbud\/gummi\/","name":"Gummi - Sealmaker Finland Oy","isPartOf":{"@id":"https:\/\/sealmaker.fi\/#website"},"datePublished":"2024-05-06T19:14:44+00:00","dateModified":"2025-06-26T17:25:04+00:00","description":"Gummi f\u00f6r sv\u00e5ra f\u00f6rh\u00e5llanden. Gummierna har god mekanisk best\u00e4ndighet och st\u00f6td\u00e4mpningsegenskap och anv\u00e4nds under sv\u00e5ra f\u00f6rh\u00e5llanden.","breadcrumb":{"@id":"https:\/\/sealmaker.fi\/sv\/materialutbud\/gummi\/#breadcrumb"},"inLanguage":"sv-SE","potentialAction":[{"@type":"ReadAction","target":["https:\/\/sealmaker.fi\/sv\/materialutbud\/gummi\/"]}]},{"@type":"BreadcrumbList","@id":"https:\/\/sealmaker.fi\/sv\/materialutbud\/gummi\/#breadcrumb","itemListElement":[{"@type":"ListItem","position":1,"name":"Etusivu","item":"https:\/\/sealmaker.fi\/sv\/"},{"@type":"ListItem","position":2,"name":"Materialutbud","item":"https:\/\/sealmaker.fi\/sv\/materialutbud\/"},{"@type":"ListItem","position":3,"name":"Gummi"}]},{"@type":"WebSite","@id":"https:\/\/sealmaker.fi\/#website","url":"https:\/\/sealmaker.fi\/","name":"Sealmaker","description":"","potentialAction":[{"@type":"SearchAction","target":{"@type":"EntryPoint","urlTemplate":"https:\/\/sealmaker.fi\/?s={search_term_string}"},"query-input":{"@type":"PropertyValueSpecification","valueRequired":true,"valueName":"search_term_string"}}],"inLanguage":"sv-SE"}]}},"_links":{"self":[{"href":"https:\/\/sealmaker.fi\/sv\/wp-json\/wp\/v2\/pages\/240","targetHints":{"allow":["GET"]}}],"collection":[{"href":"https:\/\/sealmaker.fi\/sv\/wp-json\/wp\/v2\/pages"}],"about":[{"href":"https:\/\/sealmaker.fi\/sv\/wp-json\/wp\/v2\/types\/page"}],"author":[{"embeddable":true,"href":"https:\/\/sealmaker.fi\/sv\/wp-json\/wp\/v2\/users\/1"}],"replies":[{"embeddable":true,"href":"https:\/\/sealmaker.fi\/sv\/wp-json\/wp\/v2\/comments?post=240"}],"version-history":[{"count":1,"href":"https:\/\/sealmaker.fi\/sv\/wp-json\/wp\/v2\/pages\/240\/revisions"}],"predecessor-version":[{"id":241,"href":"https:\/\/sealmaker.fi\/sv\/wp-json\/wp\/v2\/pages\/240\/revisions\/241"}],"up":[{"embeddable":true,"href":"https:\/\/sealmaker.fi\/sv\/wp-json\/wp\/v2\/pages\/233"}],"wp:attachment":[{"href":"https:\/\/sealmaker.fi\/sv\/wp-json\/wp\/v2\/media?parent=240"}],"curies":[{"name":"wp","href":"https:\/\/api.w.org\/{rel}","templated":true}]}}