{"id":242,"date":"2024-05-06T22:15:04","date_gmt":"2024-05-06T19:15:04","guid":{"rendered":"https:\/\/sealmaker.fi\/?page_id=242"},"modified":"2025-06-26T20:25:51","modified_gmt":"2025-06-26T17:25:51","slug":"plast","status":"publish","type":"page","link":"https:\/\/sealmaker.fi\/sv\/materialutbud\/plast\/","title":{"rendered":"Plast"},"content":{"rendered":"","protected":false},"excerpt":{"rendered":"","protected":false},"author":1,"featured_media":0,"parent":233,"menu_order":4,"comment_status":"closed","ping_status":"closed","template":"","meta":{"footnotes":""},"class_list":["post-242","page","type-page","status-publish","hentry"],"yoast_head":"<!-- This site is optimized with the Yoast SEO plugin v27.2 - https:\/\/yoast.com\/product\/yoast-seo-wordpress\/ -->\n<title>Plast - Sealmaker Finland Oy<\/title>\n<meta name=\"description\" content=\"Plast \u00e4r den optimala l\u00f6sningen f\u00f6r industriella komponenter. L\u00e4tthet, h\u00e5llbarhet och kemisk best\u00e4ndighet kan betraktas som goda egenskaper.\" \/>\n<meta name=\"robots\" content=\"index, follow, max-snippet:-1, max-image-preview:large, max-video-preview:-1\" \/>\n<link rel=\"canonical\" href=\"https:\/\/sealmaker.fi\/sv\/materialutbud\/plast\/\" \/>\n<meta property=\"og:locale\" content=\"sv_SE\" \/>\n<meta property=\"og:type\" content=\"article\" \/>\n<meta property=\"og:title\" content=\"Plast - Sealmaker Finland Oy\" \/>\n<meta property=\"og:description\" content=\"Plast \u00e4r den optimala l\u00f6sningen f\u00f6r industriella komponenter. L\u00e4tthet, h\u00e5llbarhet och kemisk best\u00e4ndighet kan betraktas som goda egenskaper.\" \/>\n<meta property=\"og:url\" content=\"https:\/\/sealmaker.fi\/sv\/materialutbud\/plast\/\" \/>\n<meta property=\"og:site_name\" content=\"Sealmaker\" \/>\n<meta property=\"article:modified_time\" content=\"2025-06-26T17:25:51+00:00\" \/>\n<meta name=\"twitter:card\" content=\"summary_large_image\" \/>\n<script type=\"application\/ld+json\" class=\"yoast-schema-graph\">{\"@context\":\"https:\/\/schema.org\",\"@graph\":[{\"@type\":\"WebPage\",\"@id\":\"https:\/\/sealmaker.fi\/sv\/materialutbud\/plast\/\",\"url\":\"https:\/\/sealmaker.fi\/sv\/materialutbud\/plast\/\",\"name\":\"Plast - Sealmaker Finland Oy\",\"isPartOf\":{\"@id\":\"https:\/\/sealmaker.fi\/#website\"},\"datePublished\":\"2024-05-06T19:15:04+00:00\",\"dateModified\":\"2025-06-26T17:25:51+00:00\",\"description\":\"Plast \u00e4r den optimala l\u00f6sningen f\u00f6r industriella komponenter. L\u00e4tthet, h\u00e5llbarhet och kemisk best\u00e4ndighet kan betraktas som goda egenskaper.\",\"breadcrumb\":{\"@id\":\"https:\/\/sealmaker.fi\/sv\/materialutbud\/plast\/#breadcrumb\"},\"inLanguage\":\"sv-SE\",\"potentialAction\":[{\"@type\":\"ReadAction\",\"target\":[\"https:\/\/sealmaker.fi\/sv\/materialutbud\/plast\/\"]}]},{\"@type\":\"BreadcrumbList\",\"@id\":\"https:\/\/sealmaker.fi\/sv\/materialutbud\/plast\/#breadcrumb\",\"itemListElement\":[{\"@type\":\"ListItem\",\"position\":1,\"name\":\"Etusivu\",\"item\":\"https:\/\/sealmaker.fi\/sv\/\"},{\"@type\":\"ListItem\",\"position\":2,\"name\":\"Materialutbud\",\"item\":\"https:\/\/sealmaker.fi\/sv\/materialutbud\/\"},{\"@type\":\"ListItem\",\"position\":3,\"name\":\"Plast\"}]},{\"@type\":\"WebSite\",\"@id\":\"https:\/\/sealmaker.fi\/#website\",\"url\":\"https:\/\/sealmaker.fi\/\",\"name\":\"Sealmaker\",\"description\":\"\",\"potentialAction\":[{\"@type\":\"SearchAction\",\"target\":{\"@type\":\"EntryPoint\",\"urlTemplate\":\"https:\/\/sealmaker.fi\/?s={search_term_string}\"},\"query-input\":{\"@type\":\"PropertyValueSpecification\",\"valueRequired\":true,\"valueName\":\"search_term_string\"}}],\"inLanguage\":\"sv-SE\"}]}<\/script>\n<!-- \/ Yoast SEO plugin. -->","yoast_head_json":{"title":"Plast - Sealmaker Finland Oy","description":"Plast \u00e4r den optimala l\u00f6sningen f\u00f6r industriella komponenter. L\u00e4tthet, h\u00e5llbarhet och kemisk best\u00e4ndighet kan betraktas som goda egenskaper.","robots":{"index":"index","follow":"follow","max-snippet":"max-snippet:-1","max-image-preview":"max-image-preview:large","max-video-preview":"max-video-preview:-1"},"canonical":"https:\/\/sealmaker.fi\/sv\/materialutbud\/plast\/","og_locale":"sv_SE","og_type":"article","og_title":"Plast - Sealmaker Finland Oy","og_description":"Plast \u00e4r den optimala l\u00f6sningen f\u00f6r industriella komponenter. L\u00e4tthet, h\u00e5llbarhet och kemisk best\u00e4ndighet kan betraktas som goda egenskaper.","og_url":"https:\/\/sealmaker.fi\/sv\/materialutbud\/plast\/","og_site_name":"Sealmaker","article_modified_time":"2025-06-26T17:25:51+00:00","twitter_card":"summary_large_image","schema":{"@context":"https:\/\/schema.org","@graph":[{"@type":"WebPage","@id":"https:\/\/sealmaker.fi\/sv\/materialutbud\/plast\/","url":"https:\/\/sealmaker.fi\/sv\/materialutbud\/plast\/","name":"Plast - Sealmaker Finland Oy","isPartOf":{"@id":"https:\/\/sealmaker.fi\/#website"},"datePublished":"2024-05-06T19:15:04+00:00","dateModified":"2025-06-26T17:25:51+00:00","description":"Plast \u00e4r den optimala l\u00f6sningen f\u00f6r industriella komponenter. L\u00e4tthet, h\u00e5llbarhet och kemisk best\u00e4ndighet kan betraktas som goda egenskaper.","breadcrumb":{"@id":"https:\/\/sealmaker.fi\/sv\/materialutbud\/plast\/#breadcrumb"},"inLanguage":"sv-SE","potentialAction":[{"@type":"ReadAction","target":["https:\/\/sealmaker.fi\/sv\/materialutbud\/plast\/"]}]},{"@type":"BreadcrumbList","@id":"https:\/\/sealmaker.fi\/sv\/materialutbud\/plast\/#breadcrumb","itemListElement":[{"@type":"ListItem","position":1,"name":"Etusivu","item":"https:\/\/sealmaker.fi\/sv\/"},{"@type":"ListItem","position":2,"name":"Materialutbud","item":"https:\/\/sealmaker.fi\/sv\/materialutbud\/"},{"@type":"ListItem","position":3,"name":"Plast"}]},{"@type":"WebSite","@id":"https:\/\/sealmaker.fi\/#website","url":"https:\/\/sealmaker.fi\/","name":"Sealmaker","description":"","potentialAction":[{"@type":"SearchAction","target":{"@type":"EntryPoint","urlTemplate":"https:\/\/sealmaker.fi\/?s={search_term_string}"},"query-input":{"@type":"PropertyValueSpecification","valueRequired":true,"valueName":"search_term_string"}}],"inLanguage":"sv-SE"}]}},"_links":{"self":[{"href":"https:\/\/sealmaker.fi\/sv\/wp-json\/wp\/v2\/pages\/242","targetHints":{"allow":["GET"]}}],"collection":[{"href":"https:\/\/sealmaker.fi\/sv\/wp-json\/wp\/v2\/pages"}],"about":[{"href":"https:\/\/sealmaker.fi\/sv\/wp-json\/wp\/v2\/types\/page"}],"author":[{"embeddable":true,"href":"https:\/\/sealmaker.fi\/sv\/wp-json\/wp\/v2\/users\/1"}],"replies":[{"embeddable":true,"href":"https:\/\/sealmaker.fi\/sv\/wp-json\/wp\/v2\/comments?post=242"}],"version-history":[{"count":2,"href":"https:\/\/sealmaker.fi\/sv\/wp-json\/wp\/v2\/pages\/242\/revisions"}],"predecessor-version":[{"id":320,"href":"https:\/\/sealmaker.fi\/sv\/wp-json\/wp\/v2\/pages\/242\/revisions\/320"}],"up":[{"embeddable":true,"href":"https:\/\/sealmaker.fi\/sv\/wp-json\/wp\/v2\/pages\/233"}],"wp:attachment":[{"href":"https:\/\/sealmaker.fi\/sv\/wp-json\/wp\/v2\/media?parent=242"}],"curies":[{"name":"wp","href":"https:\/\/api.w.org\/{rel}","templated":true}]}}