{"id":244,"date":"2024-05-06T22:15:23","date_gmt":"2024-05-06T19:15:23","guid":{"rendered":"https:\/\/sealmaker.fi\/?page_id=244"},"modified":"2025-06-26T20:26:59","modified_gmt":"2025-06-26T17:26:59","slug":"skumplast","status":"publish","type":"page","link":"https:\/\/sealmaker.fi\/sv\/materialutbud\/skumplast\/","title":{"rendered":"Skumplast"},"content":{"rendered":"","protected":false},"excerpt":{"rendered":"","protected":false},"author":1,"featured_media":0,"parent":233,"menu_order":5,"comment_status":"closed","ping_status":"closed","template":"","meta":{"footnotes":""},"class_list":["post-244","page","type-page","status-publish","hentry"],"yoast_head":"<!-- This site is optimized with the Yoast SEO plugin v27.2 - https:\/\/yoast.com\/product\/yoast-seo-wordpress\/ -->\n<title>Skumplast - Sealmaker Finland Oy<\/title>\n<meta name=\"description\" content=\"Skumplast \u00e4r ett l\u00e4tt alternativ som kan anv\u00e4ndas till exempel i t\u00e4tningar, som ljud- och v\u00e4rmeisolering.\" \/>\n<meta name=\"robots\" content=\"index, follow, max-snippet:-1, max-image-preview:large, max-video-preview:-1\" \/>\n<link rel=\"canonical\" href=\"https:\/\/sealmaker.fi\/sv\/materialutbud\/skumplast\/\" \/>\n<meta property=\"og:locale\" content=\"sv_SE\" \/>\n<meta property=\"og:type\" content=\"article\" \/>\n<meta property=\"og:title\" content=\"Skumplast - Sealmaker Finland Oy\" \/>\n<meta property=\"og:description\" content=\"Skumplast \u00e4r ett l\u00e4tt alternativ som kan anv\u00e4ndas till exempel i t\u00e4tningar, som ljud- och v\u00e4rmeisolering.\" \/>\n<meta property=\"og:url\" content=\"https:\/\/sealmaker.fi\/sv\/materialutbud\/skumplast\/\" \/>\n<meta property=\"og:site_name\" content=\"Sealmaker\" \/>\n<meta property=\"article:modified_time\" content=\"2025-06-26T17:26:59+00:00\" \/>\n<meta name=\"twitter:card\" content=\"summary_large_image\" \/>\n<script type=\"application\/ld+json\" class=\"yoast-schema-graph\">{\"@context\":\"https:\/\/schema.org\",\"@graph\":[{\"@type\":\"WebPage\",\"@id\":\"https:\/\/sealmaker.fi\/sv\/materialutbud\/skumplast\/\",\"url\":\"https:\/\/sealmaker.fi\/sv\/materialutbud\/skumplast\/\",\"name\":\"Skumplast - Sealmaker Finland Oy\",\"isPartOf\":{\"@id\":\"https:\/\/sealmaker.fi\/#website\"},\"datePublished\":\"2024-05-06T19:15:23+00:00\",\"dateModified\":\"2025-06-26T17:26:59+00:00\",\"description\":\"Skumplast \u00e4r ett l\u00e4tt alternativ som kan anv\u00e4ndas till exempel i t\u00e4tningar, som ljud- och v\u00e4rmeisolering.\",\"breadcrumb\":{\"@id\":\"https:\/\/sealmaker.fi\/sv\/materialutbud\/skumplast\/#breadcrumb\"},\"inLanguage\":\"sv-SE\",\"potentialAction\":[{\"@type\":\"ReadAction\",\"target\":[\"https:\/\/sealmaker.fi\/sv\/materialutbud\/skumplast\/\"]}]},{\"@type\":\"BreadcrumbList\",\"@id\":\"https:\/\/sealmaker.fi\/sv\/materialutbud\/skumplast\/#breadcrumb\",\"itemListElement\":[{\"@type\":\"ListItem\",\"position\":1,\"name\":\"Etusivu\",\"item\":\"https:\/\/sealmaker.fi\/sv\/\"},{\"@type\":\"ListItem\",\"position\":2,\"name\":\"Materialutbud\",\"item\":\"https:\/\/sealmaker.fi\/sv\/materialutbud\/\"},{\"@type\":\"ListItem\",\"position\":3,\"name\":\"Skumplast\"}]},{\"@type\":\"WebSite\",\"@id\":\"https:\/\/sealmaker.fi\/#website\",\"url\":\"https:\/\/sealmaker.fi\/\",\"name\":\"Sealmaker\",\"description\":\"\",\"potentialAction\":[{\"@type\":\"SearchAction\",\"target\":{\"@type\":\"EntryPoint\",\"urlTemplate\":\"https:\/\/sealmaker.fi\/?s={search_term_string}\"},\"query-input\":{\"@type\":\"PropertyValueSpecification\",\"valueRequired\":true,\"valueName\":\"search_term_string\"}}],\"inLanguage\":\"sv-SE\"}]}<\/script>\n<!-- \/ Yoast SEO plugin. -->","yoast_head_json":{"title":"Skumplast - Sealmaker Finland Oy","description":"Skumplast \u00e4r ett l\u00e4tt alternativ som kan anv\u00e4ndas till exempel i t\u00e4tningar, som ljud- och v\u00e4rmeisolering.","robots":{"index":"index","follow":"follow","max-snippet":"max-snippet:-1","max-image-preview":"max-image-preview:large","max-video-preview":"max-video-preview:-1"},"canonical":"https:\/\/sealmaker.fi\/sv\/materialutbud\/skumplast\/","og_locale":"sv_SE","og_type":"article","og_title":"Skumplast - Sealmaker Finland Oy","og_description":"Skumplast \u00e4r ett l\u00e4tt alternativ som kan anv\u00e4ndas till exempel i t\u00e4tningar, som ljud- och v\u00e4rmeisolering.","og_url":"https:\/\/sealmaker.fi\/sv\/materialutbud\/skumplast\/","og_site_name":"Sealmaker","article_modified_time":"2025-06-26T17:26:59+00:00","twitter_card":"summary_large_image","schema":{"@context":"https:\/\/schema.org","@graph":[{"@type":"WebPage","@id":"https:\/\/sealmaker.fi\/sv\/materialutbud\/skumplast\/","url":"https:\/\/sealmaker.fi\/sv\/materialutbud\/skumplast\/","name":"Skumplast - Sealmaker Finland Oy","isPartOf":{"@id":"https:\/\/sealmaker.fi\/#website"},"datePublished":"2024-05-06T19:15:23+00:00","dateModified":"2025-06-26T17:26:59+00:00","description":"Skumplast \u00e4r ett l\u00e4tt alternativ som kan anv\u00e4ndas till exempel i t\u00e4tningar, som ljud- och v\u00e4rmeisolering.","breadcrumb":{"@id":"https:\/\/sealmaker.fi\/sv\/materialutbud\/skumplast\/#breadcrumb"},"inLanguage":"sv-SE","potentialAction":[{"@type":"ReadAction","target":["https:\/\/sealmaker.fi\/sv\/materialutbud\/skumplast\/"]}]},{"@type":"BreadcrumbList","@id":"https:\/\/sealmaker.fi\/sv\/materialutbud\/skumplast\/#breadcrumb","itemListElement":[{"@type":"ListItem","position":1,"name":"Etusivu","item":"https:\/\/sealmaker.fi\/sv\/"},{"@type":"ListItem","position":2,"name":"Materialutbud","item":"https:\/\/sealmaker.fi\/sv\/materialutbud\/"},{"@type":"ListItem","position":3,"name":"Skumplast"}]},{"@type":"WebSite","@id":"https:\/\/sealmaker.fi\/#website","url":"https:\/\/sealmaker.fi\/","name":"Sealmaker","description":"","potentialAction":[{"@type":"SearchAction","target":{"@type":"EntryPoint","urlTemplate":"https:\/\/sealmaker.fi\/?s={search_term_string}"},"query-input":{"@type":"PropertyValueSpecification","valueRequired":true,"valueName":"search_term_string"}}],"inLanguage":"sv-SE"}]}},"_links":{"self":[{"href":"https:\/\/sealmaker.fi\/sv\/wp-json\/wp\/v2\/pages\/244","targetHints":{"allow":["GET"]}}],"collection":[{"href":"https:\/\/sealmaker.fi\/sv\/wp-json\/wp\/v2\/pages"}],"about":[{"href":"https:\/\/sealmaker.fi\/sv\/wp-json\/wp\/v2\/types\/page"}],"author":[{"embeddable":true,"href":"https:\/\/sealmaker.fi\/sv\/wp-json\/wp\/v2\/users\/1"}],"replies":[{"embeddable":true,"href":"https:\/\/sealmaker.fi\/sv\/wp-json\/wp\/v2\/comments?post=244"}],"version-history":[{"count":1,"href":"https:\/\/sealmaker.fi\/sv\/wp-json\/wp\/v2\/pages\/244\/revisions"}],"predecessor-version":[{"id":245,"href":"https:\/\/sealmaker.fi\/sv\/wp-json\/wp\/v2\/pages\/244\/revisions\/245"}],"up":[{"embeddable":true,"href":"https:\/\/sealmaker.fi\/sv\/wp-json\/wp\/v2\/pages\/233"}],"wp:attachment":[{"href":"https:\/\/sealmaker.fi\/sv\/wp-json\/wp\/v2\/media?parent=244"}],"curies":[{"name":"wp","href":"https:\/\/api.w.org\/{rel}","templated":true}]}}