{"id":246,"date":"2024-05-06T22:15:45","date_gmt":"2024-05-06T19:15:45","guid":{"rendered":"https:\/\/sealmaker.fi\/?page_id=246"},"modified":"2025-06-26T20:28:14","modified_gmt":"2025-06-26T17:28:14","slug":"ovriga-material","status":"publish","type":"page","link":"https:\/\/sealmaker.fi\/sv\/materialutbud\/ovriga-material\/","title":{"rendered":"\u00d6vriga material"},"content":{"rendered":"","protected":false},"excerpt":{"rendered":"","protected":false},"author":1,"featured_media":0,"parent":233,"menu_order":6,"comment_status":"closed","ping_status":"closed","template":"","meta":{"footnotes":""},"class_list":["post-246","page","type-page","status-publish","hentry"],"yoast_head":"<!-- This site is optimized with the Yoast SEO plugin v27.2 - https:\/\/yoast.com\/product\/yoast-seo-wordpress\/ -->\n<title>H\u00f6gtrycksmaterial &gt; O-ringa r&gt; Delar av gjutet gummi - Sealmaker<\/title>\n<meta name=\"description\" content=\"Anv\u00e4ndningar f\u00f6r h\u00f6gtrycksmaterial inkluderar ventiler, motorer, anslutningar och fl\u00e4nsf\u00f6rseglingar. Vi lagerf\u00f6r och s\u00e4ljer ocks\u00e5 O-ringar.\" \/>\n<meta name=\"robots\" content=\"index, follow, max-snippet:-1, max-image-preview:large, max-video-preview:-1\" \/>\n<link rel=\"canonical\" href=\"https:\/\/sealmaker.fi\/sv\/materialutbud\/ovriga-material\/\" \/>\n<meta property=\"og:locale\" content=\"sv_SE\" \/>\n<meta property=\"og:type\" content=\"article\" \/>\n<meta property=\"og:title\" content=\"H\u00f6gtrycksmaterial &gt; O-ringa r&gt; Delar av gjutet gummi - Sealmaker\" \/>\n<meta property=\"og:description\" content=\"Anv\u00e4ndningar f\u00f6r h\u00f6gtrycksmaterial inkluderar ventiler, motorer, anslutningar och fl\u00e4nsf\u00f6rseglingar. Vi lagerf\u00f6r och s\u00e4ljer ocks\u00e5 O-ringar.\" \/>\n<meta property=\"og:url\" content=\"https:\/\/sealmaker.fi\/sv\/materialutbud\/ovriga-material\/\" \/>\n<meta property=\"og:site_name\" content=\"Sealmaker\" \/>\n<meta property=\"article:modified_time\" content=\"2025-06-26T17:28:14+00:00\" \/>\n<meta name=\"twitter:card\" content=\"summary_large_image\" \/>\n<script type=\"application\/ld+json\" class=\"yoast-schema-graph\">{\"@context\":\"https:\/\/schema.org\",\"@graph\":[{\"@type\":\"WebPage\",\"@id\":\"https:\/\/sealmaker.fi\/sv\/materialutbud\/ovriga-material\/\",\"url\":\"https:\/\/sealmaker.fi\/sv\/materialutbud\/ovriga-material\/\",\"name\":\"H\u00f6gtrycksmaterial > O-ringa r> Delar av gjutet gummi - Sealmaker\",\"isPartOf\":{\"@id\":\"https:\/\/sealmaker.fi\/#website\"},\"datePublished\":\"2024-05-06T19:15:45+00:00\",\"dateModified\":\"2025-06-26T17:28:14+00:00\",\"description\":\"Anv\u00e4ndningar f\u00f6r h\u00f6gtrycksmaterial inkluderar ventiler, motorer, anslutningar och fl\u00e4nsf\u00f6rseglingar. Vi lagerf\u00f6r och s\u00e4ljer ocks\u00e5 O-ringar.\",\"breadcrumb\":{\"@id\":\"https:\/\/sealmaker.fi\/sv\/materialutbud\/ovriga-material\/#breadcrumb\"},\"inLanguage\":\"sv-SE\",\"potentialAction\":[{\"@type\":\"ReadAction\",\"target\":[\"https:\/\/sealmaker.fi\/sv\/materialutbud\/ovriga-material\/\"]}]},{\"@type\":\"BreadcrumbList\",\"@id\":\"https:\/\/sealmaker.fi\/sv\/materialutbud\/ovriga-material\/#breadcrumb\",\"itemListElement\":[{\"@type\":\"ListItem\",\"position\":1,\"name\":\"Etusivu\",\"item\":\"https:\/\/sealmaker.fi\/sv\/\"},{\"@type\":\"ListItem\",\"position\":2,\"name\":\"Materialutbud\",\"item\":\"https:\/\/sealmaker.fi\/sv\/materialutbud\/\"},{\"@type\":\"ListItem\",\"position\":3,\"name\":\"\u00d6vriga material\"}]},{\"@type\":\"WebSite\",\"@id\":\"https:\/\/sealmaker.fi\/#website\",\"url\":\"https:\/\/sealmaker.fi\/\",\"name\":\"Sealmaker\",\"description\":\"\",\"potentialAction\":[{\"@type\":\"SearchAction\",\"target\":{\"@type\":\"EntryPoint\",\"urlTemplate\":\"https:\/\/sealmaker.fi\/?s={search_term_string}\"},\"query-input\":{\"@type\":\"PropertyValueSpecification\",\"valueRequired\":true,\"valueName\":\"search_term_string\"}}],\"inLanguage\":\"sv-SE\"}]}<\/script>\n<!-- \/ Yoast SEO plugin. -->","yoast_head_json":{"title":"H\u00f6gtrycksmaterial > O-ringa r> Delar av gjutet gummi - Sealmaker","description":"Anv\u00e4ndningar f\u00f6r h\u00f6gtrycksmaterial inkluderar ventiler, motorer, anslutningar och fl\u00e4nsf\u00f6rseglingar. Vi lagerf\u00f6r och s\u00e4ljer ocks\u00e5 O-ringar.","robots":{"index":"index","follow":"follow","max-snippet":"max-snippet:-1","max-image-preview":"max-image-preview:large","max-video-preview":"max-video-preview:-1"},"canonical":"https:\/\/sealmaker.fi\/sv\/materialutbud\/ovriga-material\/","og_locale":"sv_SE","og_type":"article","og_title":"H\u00f6gtrycksmaterial > O-ringa r> Delar av gjutet gummi - Sealmaker","og_description":"Anv\u00e4ndningar f\u00f6r h\u00f6gtrycksmaterial inkluderar ventiler, motorer, anslutningar och fl\u00e4nsf\u00f6rseglingar. Vi lagerf\u00f6r och s\u00e4ljer ocks\u00e5 O-ringar.","og_url":"https:\/\/sealmaker.fi\/sv\/materialutbud\/ovriga-material\/","og_site_name":"Sealmaker","article_modified_time":"2025-06-26T17:28:14+00:00","twitter_card":"summary_large_image","schema":{"@context":"https:\/\/schema.org","@graph":[{"@type":"WebPage","@id":"https:\/\/sealmaker.fi\/sv\/materialutbud\/ovriga-material\/","url":"https:\/\/sealmaker.fi\/sv\/materialutbud\/ovriga-material\/","name":"H\u00f6gtrycksmaterial > O-ringa r> Delar av gjutet gummi - Sealmaker","isPartOf":{"@id":"https:\/\/sealmaker.fi\/#website"},"datePublished":"2024-05-06T19:15:45+00:00","dateModified":"2025-06-26T17:28:14+00:00","description":"Anv\u00e4ndningar f\u00f6r h\u00f6gtrycksmaterial inkluderar ventiler, motorer, anslutningar och fl\u00e4nsf\u00f6rseglingar. Vi lagerf\u00f6r och s\u00e4ljer ocks\u00e5 O-ringar.","breadcrumb":{"@id":"https:\/\/sealmaker.fi\/sv\/materialutbud\/ovriga-material\/#breadcrumb"},"inLanguage":"sv-SE","potentialAction":[{"@type":"ReadAction","target":["https:\/\/sealmaker.fi\/sv\/materialutbud\/ovriga-material\/"]}]},{"@type":"BreadcrumbList","@id":"https:\/\/sealmaker.fi\/sv\/materialutbud\/ovriga-material\/#breadcrumb","itemListElement":[{"@type":"ListItem","position":1,"name":"Etusivu","item":"https:\/\/sealmaker.fi\/sv\/"},{"@type":"ListItem","position":2,"name":"Materialutbud","item":"https:\/\/sealmaker.fi\/sv\/materialutbud\/"},{"@type":"ListItem","position":3,"name":"\u00d6vriga material"}]},{"@type":"WebSite","@id":"https:\/\/sealmaker.fi\/#website","url":"https:\/\/sealmaker.fi\/","name":"Sealmaker","description":"","potentialAction":[{"@type":"SearchAction","target":{"@type":"EntryPoint","urlTemplate":"https:\/\/sealmaker.fi\/?s={search_term_string}"},"query-input":{"@type":"PropertyValueSpecification","valueRequired":true,"valueName":"search_term_string"}}],"inLanguage":"sv-SE"}]}},"_links":{"self":[{"href":"https:\/\/sealmaker.fi\/sv\/wp-json\/wp\/v2\/pages\/246","targetHints":{"allow":["GET"]}}],"collection":[{"href":"https:\/\/sealmaker.fi\/sv\/wp-json\/wp\/v2\/pages"}],"about":[{"href":"https:\/\/sealmaker.fi\/sv\/wp-json\/wp\/v2\/types\/page"}],"author":[{"embeddable":true,"href":"https:\/\/sealmaker.fi\/sv\/wp-json\/wp\/v2\/users\/1"}],"replies":[{"embeddable":true,"href":"https:\/\/sealmaker.fi\/sv\/wp-json\/wp\/v2\/comments?post=246"}],"version-history":[{"count":2,"href":"https:\/\/sealmaker.fi\/sv\/wp-json\/wp\/v2\/pages\/246\/revisions"}],"predecessor-version":[{"id":348,"href":"https:\/\/sealmaker.fi\/sv\/wp-json\/wp\/v2\/pages\/246\/revisions\/348"}],"up":[{"embeddable":true,"href":"https:\/\/sealmaker.fi\/sv\/wp-json\/wp\/v2\/pages\/233"}],"wp:attachment":[{"href":"https:\/\/sealmaker.fi\/sv\/wp-json\/wp\/v2\/media?parent=246"}],"curies":[{"name":"wp","href":"https:\/\/api.w.org\/{rel}","templated":true}]}}