{"id":248,"date":"2024-05-06T22:16:08","date_gmt":"2024-05-06T19:16:08","guid":{"rendered":"https:\/\/sealmaker.fi\/?page_id=248"},"modified":"2025-06-26T20:29:05","modified_gmt":"2025-06-26T17:29:05","slug":"till-koparen","status":"publish","type":"page","link":"https:\/\/sealmaker.fi\/sv\/materialutbud\/till-koparen\/","title":{"rendered":"Till k\u00f6paren"},"content":{"rendered":"","protected":false},"excerpt":{"rendered":"","protected":false},"author":1,"featured_media":0,"parent":233,"menu_order":7,"comment_status":"closed","ping_status":"closed","template":"","meta":{"footnotes":""},"class_list":["post-248","page","type-page","status-publish","hentry"],"yoast_head":"<!-- This site is optimized with the Yoast SEO plugin v27.2 - https:\/\/yoast.com\/product\/yoast-seo-wordpress\/ -->\n<title>F\u00f6r ink\u00f6paren - Sealmaker Finland Oy<\/title>\n<meta name=\"description\" content=\"V\u00e5r f\u00f6rs\u00e4ljningsavdelning hj\u00e4lper dig att hitta r\u00e4tt material. Kontakta v\u00e5r f\u00f6rs\u00e4ljning: info@sealmaker.fi eller 0207 344 630.\" \/>\n<meta name=\"robots\" content=\"index, follow, max-snippet:-1, max-image-preview:large, max-video-preview:-1\" \/>\n<link rel=\"canonical\" href=\"https:\/\/sealmaker.fi\/sv\/materialutbud\/till-koparen\/\" \/>\n<meta property=\"og:locale\" content=\"sv_SE\" \/>\n<meta property=\"og:type\" content=\"article\" \/>\n<meta property=\"og:title\" content=\"F\u00f6r ink\u00f6paren - Sealmaker Finland Oy\" \/>\n<meta property=\"og:description\" content=\"V\u00e5r f\u00f6rs\u00e4ljningsavdelning hj\u00e4lper dig att hitta r\u00e4tt material. Kontakta v\u00e5r f\u00f6rs\u00e4ljning: info@sealmaker.fi eller 0207 344 630.\" \/>\n<meta property=\"og:url\" content=\"https:\/\/sealmaker.fi\/sv\/materialutbud\/till-koparen\/\" \/>\n<meta property=\"og:site_name\" content=\"Sealmaker\" \/>\n<meta property=\"article:modified_time\" content=\"2025-06-26T17:29:05+00:00\" \/>\n<meta name=\"twitter:card\" content=\"summary_large_image\" \/>\n<script type=\"application\/ld+json\" class=\"yoast-schema-graph\">{\"@context\":\"https:\/\/schema.org\",\"@graph\":[{\"@type\":\"WebPage\",\"@id\":\"https:\/\/sealmaker.fi\/sv\/materialutbud\/till-koparen\/\",\"url\":\"https:\/\/sealmaker.fi\/sv\/materialutbud\/till-koparen\/\",\"name\":\"F\u00f6r ink\u00f6paren - Sealmaker Finland Oy\",\"isPartOf\":{\"@id\":\"https:\/\/sealmaker.fi\/#website\"},\"datePublished\":\"2024-05-06T19:16:08+00:00\",\"dateModified\":\"2025-06-26T17:29:05+00:00\",\"description\":\"V\u00e5r f\u00f6rs\u00e4ljningsavdelning hj\u00e4lper dig att hitta r\u00e4tt material. Kontakta v\u00e5r f\u00f6rs\u00e4ljning: info@sealmaker.fi eller 0207 344 630.\",\"breadcrumb\":{\"@id\":\"https:\/\/sealmaker.fi\/sv\/materialutbud\/till-koparen\/#breadcrumb\"},\"inLanguage\":\"sv-SE\",\"potentialAction\":[{\"@type\":\"ReadAction\",\"target\":[\"https:\/\/sealmaker.fi\/sv\/materialutbud\/till-koparen\/\"]}]},{\"@type\":\"BreadcrumbList\",\"@id\":\"https:\/\/sealmaker.fi\/sv\/materialutbud\/till-koparen\/#breadcrumb\",\"itemListElement\":[{\"@type\":\"ListItem\",\"position\":1,\"name\":\"Etusivu\",\"item\":\"https:\/\/sealmaker.fi\/sv\/\"},{\"@type\":\"ListItem\",\"position\":2,\"name\":\"Materialutbud\",\"item\":\"https:\/\/sealmaker.fi\/sv\/materialutbud\/\"},{\"@type\":\"ListItem\",\"position\":3,\"name\":\"Till k\u00f6paren\"}]},{\"@type\":\"WebSite\",\"@id\":\"https:\/\/sealmaker.fi\/#website\",\"url\":\"https:\/\/sealmaker.fi\/\",\"name\":\"Sealmaker\",\"description\":\"\",\"potentialAction\":[{\"@type\":\"SearchAction\",\"target\":{\"@type\":\"EntryPoint\",\"urlTemplate\":\"https:\/\/sealmaker.fi\/?s={search_term_string}\"},\"query-input\":{\"@type\":\"PropertyValueSpecification\",\"valueRequired\":true,\"valueName\":\"search_term_string\"}}],\"inLanguage\":\"sv-SE\"}]}<\/script>\n<!-- \/ Yoast SEO plugin. -->","yoast_head_json":{"title":"F\u00f6r ink\u00f6paren - Sealmaker Finland Oy","description":"V\u00e5r f\u00f6rs\u00e4ljningsavdelning hj\u00e4lper dig att hitta r\u00e4tt material. Kontakta v\u00e5r f\u00f6rs\u00e4ljning: info@sealmaker.fi eller 0207 344 630.","robots":{"index":"index","follow":"follow","max-snippet":"max-snippet:-1","max-image-preview":"max-image-preview:large","max-video-preview":"max-video-preview:-1"},"canonical":"https:\/\/sealmaker.fi\/sv\/materialutbud\/till-koparen\/","og_locale":"sv_SE","og_type":"article","og_title":"F\u00f6r ink\u00f6paren - Sealmaker Finland Oy","og_description":"V\u00e5r f\u00f6rs\u00e4ljningsavdelning hj\u00e4lper dig att hitta r\u00e4tt material. Kontakta v\u00e5r f\u00f6rs\u00e4ljning: info@sealmaker.fi eller 0207 344 630.","og_url":"https:\/\/sealmaker.fi\/sv\/materialutbud\/till-koparen\/","og_site_name":"Sealmaker","article_modified_time":"2025-06-26T17:29:05+00:00","twitter_card":"summary_large_image","schema":{"@context":"https:\/\/schema.org","@graph":[{"@type":"WebPage","@id":"https:\/\/sealmaker.fi\/sv\/materialutbud\/till-koparen\/","url":"https:\/\/sealmaker.fi\/sv\/materialutbud\/till-koparen\/","name":"F\u00f6r ink\u00f6paren - Sealmaker Finland Oy","isPartOf":{"@id":"https:\/\/sealmaker.fi\/#website"},"datePublished":"2024-05-06T19:16:08+00:00","dateModified":"2025-06-26T17:29:05+00:00","description":"V\u00e5r f\u00f6rs\u00e4ljningsavdelning hj\u00e4lper dig att hitta r\u00e4tt material. Kontakta v\u00e5r f\u00f6rs\u00e4ljning: info@sealmaker.fi eller 0207 344 630.","breadcrumb":{"@id":"https:\/\/sealmaker.fi\/sv\/materialutbud\/till-koparen\/#breadcrumb"},"inLanguage":"sv-SE","potentialAction":[{"@type":"ReadAction","target":["https:\/\/sealmaker.fi\/sv\/materialutbud\/till-koparen\/"]}]},{"@type":"BreadcrumbList","@id":"https:\/\/sealmaker.fi\/sv\/materialutbud\/till-koparen\/#breadcrumb","itemListElement":[{"@type":"ListItem","position":1,"name":"Etusivu","item":"https:\/\/sealmaker.fi\/sv\/"},{"@type":"ListItem","position":2,"name":"Materialutbud","item":"https:\/\/sealmaker.fi\/sv\/materialutbud\/"},{"@type":"ListItem","position":3,"name":"Till k\u00f6paren"}]},{"@type":"WebSite","@id":"https:\/\/sealmaker.fi\/#website","url":"https:\/\/sealmaker.fi\/","name":"Sealmaker","description":"","potentialAction":[{"@type":"SearchAction","target":{"@type":"EntryPoint","urlTemplate":"https:\/\/sealmaker.fi\/?s={search_term_string}"},"query-input":{"@type":"PropertyValueSpecification","valueRequired":true,"valueName":"search_term_string"}}],"inLanguage":"sv-SE"}]}},"_links":{"self":[{"href":"https:\/\/sealmaker.fi\/sv\/wp-json\/wp\/v2\/pages\/248","targetHints":{"allow":["GET"]}}],"collection":[{"href":"https:\/\/sealmaker.fi\/sv\/wp-json\/wp\/v2\/pages"}],"about":[{"href":"https:\/\/sealmaker.fi\/sv\/wp-json\/wp\/v2\/types\/page"}],"author":[{"embeddable":true,"href":"https:\/\/sealmaker.fi\/sv\/wp-json\/wp\/v2\/users\/1"}],"replies":[{"embeddable":true,"href":"https:\/\/sealmaker.fi\/sv\/wp-json\/wp\/v2\/comments?post=248"}],"version-history":[{"count":2,"href":"https:\/\/sealmaker.fi\/sv\/wp-json\/wp\/v2\/pages\/248\/revisions"}],"predecessor-version":[{"id":349,"href":"https:\/\/sealmaker.fi\/sv\/wp-json\/wp\/v2\/pages\/248\/revisions\/349"}],"up":[{"embeddable":true,"href":"https:\/\/sealmaker.fi\/sv\/wp-json\/wp\/v2\/pages\/233"}],"wp:attachment":[{"href":"https:\/\/sealmaker.fi\/sv\/wp-json\/wp\/v2\/media?parent=248"}],"curies":[{"name":"wp","href":"https:\/\/api.w.org\/{rel}","templated":true}]}}