{"id":250,"date":"2024-05-06T22:16:26","date_gmt":"2024-05-06T19:16:26","guid":{"rendered":"https:\/\/sealmaker.fi\/?page_id=250"},"modified":"2025-06-26T20:29:51","modified_gmt":"2025-06-26T17:29:51","slug":"till-designern","status":"publish","type":"page","link":"https:\/\/sealmaker.fi\/sv\/materialutbud\/till-designern\/","title":{"rendered":"Till designern"},"content":{"rendered":"","protected":false},"excerpt":{"rendered":"","protected":false},"author":1,"featured_media":0,"parent":233,"menu_order":8,"comment_status":"closed","ping_status":"closed","template":"","meta":{"footnotes":""},"class_list":["post-250","page","type-page","status-publish","hentry"],"yoast_head":"<!-- This site is optimized with the Yoast SEO plugin v27.2 - https:\/\/yoast.com\/product\/yoast-seo-wordpress\/ -->\n<title>Till designern - Sealmaker Finland Oy<\/title>\n<meta name=\"description\" content=\"Utnyttja v\u00e5r expertis redan i planeringsfasen. V\u00e5r f\u00f6rs\u00e4ljningsavdelning hj\u00e4lper g\u00e4rna till med olika fr\u00e5gor i ett tidigt skede.\" \/>\n<meta name=\"robots\" content=\"index, follow, max-snippet:-1, max-image-preview:large, max-video-preview:-1\" \/>\n<link rel=\"canonical\" href=\"https:\/\/sealmaker.fi\/sv\/materialutbud\/till-designern\/\" \/>\n<meta property=\"og:locale\" content=\"sv_SE\" \/>\n<meta property=\"og:type\" content=\"article\" \/>\n<meta property=\"og:title\" content=\"Till designern - Sealmaker Finland Oy\" \/>\n<meta property=\"og:description\" content=\"Utnyttja v\u00e5r expertis redan i planeringsfasen. V\u00e5r f\u00f6rs\u00e4ljningsavdelning hj\u00e4lper g\u00e4rna till med olika fr\u00e5gor i ett tidigt skede.\" \/>\n<meta property=\"og:url\" content=\"https:\/\/sealmaker.fi\/sv\/materialutbud\/till-designern\/\" \/>\n<meta property=\"og:site_name\" content=\"Sealmaker\" \/>\n<meta property=\"article:modified_time\" content=\"2025-06-26T17:29:51+00:00\" \/>\n<meta name=\"twitter:card\" content=\"summary_large_image\" \/>\n<script type=\"application\/ld+json\" class=\"yoast-schema-graph\">{\"@context\":\"https:\/\/schema.org\",\"@graph\":[{\"@type\":\"WebPage\",\"@id\":\"https:\/\/sealmaker.fi\/sv\/materialutbud\/till-designern\/\",\"url\":\"https:\/\/sealmaker.fi\/sv\/materialutbud\/till-designern\/\",\"name\":\"Till designern - Sealmaker Finland Oy\",\"isPartOf\":{\"@id\":\"https:\/\/sealmaker.fi\/#website\"},\"datePublished\":\"2024-05-06T19:16:26+00:00\",\"dateModified\":\"2025-06-26T17:29:51+00:00\",\"description\":\"Utnyttja v\u00e5r expertis redan i planeringsfasen. V\u00e5r f\u00f6rs\u00e4ljningsavdelning hj\u00e4lper g\u00e4rna till med olika fr\u00e5gor i ett tidigt skede.\",\"breadcrumb\":{\"@id\":\"https:\/\/sealmaker.fi\/sv\/materialutbud\/till-designern\/#breadcrumb\"},\"inLanguage\":\"sv-SE\",\"potentialAction\":[{\"@type\":\"ReadAction\",\"target\":[\"https:\/\/sealmaker.fi\/sv\/materialutbud\/till-designern\/\"]}]},{\"@type\":\"BreadcrumbList\",\"@id\":\"https:\/\/sealmaker.fi\/sv\/materialutbud\/till-designern\/#breadcrumb\",\"itemListElement\":[{\"@type\":\"ListItem\",\"position\":1,\"name\":\"Etusivu\",\"item\":\"https:\/\/sealmaker.fi\/sv\/\"},{\"@type\":\"ListItem\",\"position\":2,\"name\":\"Materialutbud\",\"item\":\"https:\/\/sealmaker.fi\/sv\/materialutbud\/\"},{\"@type\":\"ListItem\",\"position\":3,\"name\":\"Till designern\"}]},{\"@type\":\"WebSite\",\"@id\":\"https:\/\/sealmaker.fi\/#website\",\"url\":\"https:\/\/sealmaker.fi\/\",\"name\":\"Sealmaker\",\"description\":\"\",\"potentialAction\":[{\"@type\":\"SearchAction\",\"target\":{\"@type\":\"EntryPoint\",\"urlTemplate\":\"https:\/\/sealmaker.fi\/?s={search_term_string}\"},\"query-input\":{\"@type\":\"PropertyValueSpecification\",\"valueRequired\":true,\"valueName\":\"search_term_string\"}}],\"inLanguage\":\"sv-SE\"}]}<\/script>\n<!-- \/ Yoast SEO plugin. -->","yoast_head_json":{"title":"Till designern - Sealmaker Finland Oy","description":"Utnyttja v\u00e5r expertis redan i planeringsfasen. V\u00e5r f\u00f6rs\u00e4ljningsavdelning hj\u00e4lper g\u00e4rna till med olika fr\u00e5gor i ett tidigt skede.","robots":{"index":"index","follow":"follow","max-snippet":"max-snippet:-1","max-image-preview":"max-image-preview:large","max-video-preview":"max-video-preview:-1"},"canonical":"https:\/\/sealmaker.fi\/sv\/materialutbud\/till-designern\/","og_locale":"sv_SE","og_type":"article","og_title":"Till designern - Sealmaker Finland Oy","og_description":"Utnyttja v\u00e5r expertis redan i planeringsfasen. V\u00e5r f\u00f6rs\u00e4ljningsavdelning hj\u00e4lper g\u00e4rna till med olika fr\u00e5gor i ett tidigt skede.","og_url":"https:\/\/sealmaker.fi\/sv\/materialutbud\/till-designern\/","og_site_name":"Sealmaker","article_modified_time":"2025-06-26T17:29:51+00:00","twitter_card":"summary_large_image","schema":{"@context":"https:\/\/schema.org","@graph":[{"@type":"WebPage","@id":"https:\/\/sealmaker.fi\/sv\/materialutbud\/till-designern\/","url":"https:\/\/sealmaker.fi\/sv\/materialutbud\/till-designern\/","name":"Till designern - Sealmaker Finland Oy","isPartOf":{"@id":"https:\/\/sealmaker.fi\/#website"},"datePublished":"2024-05-06T19:16:26+00:00","dateModified":"2025-06-26T17:29:51+00:00","description":"Utnyttja v\u00e5r expertis redan i planeringsfasen. V\u00e5r f\u00f6rs\u00e4ljningsavdelning hj\u00e4lper g\u00e4rna till med olika fr\u00e5gor i ett tidigt skede.","breadcrumb":{"@id":"https:\/\/sealmaker.fi\/sv\/materialutbud\/till-designern\/#breadcrumb"},"inLanguage":"sv-SE","potentialAction":[{"@type":"ReadAction","target":["https:\/\/sealmaker.fi\/sv\/materialutbud\/till-designern\/"]}]},{"@type":"BreadcrumbList","@id":"https:\/\/sealmaker.fi\/sv\/materialutbud\/till-designern\/#breadcrumb","itemListElement":[{"@type":"ListItem","position":1,"name":"Etusivu","item":"https:\/\/sealmaker.fi\/sv\/"},{"@type":"ListItem","position":2,"name":"Materialutbud","item":"https:\/\/sealmaker.fi\/sv\/materialutbud\/"},{"@type":"ListItem","position":3,"name":"Till designern"}]},{"@type":"WebSite","@id":"https:\/\/sealmaker.fi\/#website","url":"https:\/\/sealmaker.fi\/","name":"Sealmaker","description":"","potentialAction":[{"@type":"SearchAction","target":{"@type":"EntryPoint","urlTemplate":"https:\/\/sealmaker.fi\/?s={search_term_string}"},"query-input":{"@type":"PropertyValueSpecification","valueRequired":true,"valueName":"search_term_string"}}],"inLanguage":"sv-SE"}]}},"_links":{"self":[{"href":"https:\/\/sealmaker.fi\/sv\/wp-json\/wp\/v2\/pages\/250","targetHints":{"allow":["GET"]}}],"collection":[{"href":"https:\/\/sealmaker.fi\/sv\/wp-json\/wp\/v2\/pages"}],"about":[{"href":"https:\/\/sealmaker.fi\/sv\/wp-json\/wp\/v2\/types\/page"}],"author":[{"embeddable":true,"href":"https:\/\/sealmaker.fi\/sv\/wp-json\/wp\/v2\/users\/1"}],"replies":[{"embeddable":true,"href":"https:\/\/sealmaker.fi\/sv\/wp-json\/wp\/v2\/comments?post=250"}],"version-history":[{"count":2,"href":"https:\/\/sealmaker.fi\/sv\/wp-json\/wp\/v2\/pages\/250\/revisions"}],"predecessor-version":[{"id":359,"href":"https:\/\/sealmaker.fi\/sv\/wp-json\/wp\/v2\/pages\/250\/revisions\/359"}],"up":[{"embeddable":true,"href":"https:\/\/sealmaker.fi\/sv\/wp-json\/wp\/v2\/pages\/233"}],"wp:attachment":[{"href":"https:\/\/sealmaker.fi\/sv\/wp-json\/wp\/v2\/media?parent=250"}],"curies":[{"name":"wp","href":"https:\/\/api.w.org\/{rel}","templated":true}]}}