{"id":255,"date":"2024-05-06T22:19:51","date_gmt":"2024-05-06T19:19:51","guid":{"rendered":"https:\/\/sealmaker.fi\/?page_id=255"},"modified":"2025-06-26T20:12:36","modified_gmt":"2025-06-26T17:12:36","slug":"foretaget","status":"publish","type":"page","link":"https:\/\/sealmaker.fi\/sv\/foretaget\/","title":{"rendered":"F\u00f6retaget"},"content":{"rendered":"","protected":false},"excerpt":{"rendered":"","protected":false},"author":1,"featured_media":0,"parent":0,"menu_order":0,"comment_status":"closed","ping_status":"closed","template":"","meta":{"footnotes":""},"class_list":["post-255","page","type-page","status-publish","hentry"],"yoast_head":"<!-- This site is optimized with the Yoast SEO plugin v27.2 - https:\/\/yoast.com\/product\/yoast-seo-wordpress\/ -->\n<title>F\u00f6retagsinformation &gt; Rauma - Sealmaker Finland Oy<\/title>\n<meta name=\"description\" content=\"Sealmaker Finland Oy som f\u00f6retag: Vi tillverkar och s\u00e4ljer t\u00e4tningar, isolering och f\u00f6rpackningar f\u00f6r industrin av olika material.\" \/>\n<meta name=\"robots\" content=\"index, follow, max-snippet:-1, max-image-preview:large, max-video-preview:-1\" \/>\n<link rel=\"canonical\" href=\"https:\/\/sealmaker.fi\/sv\/foretaget\/\" \/>\n<meta property=\"og:locale\" content=\"sv_SE\" \/>\n<meta property=\"og:type\" content=\"article\" \/>\n<meta property=\"og:title\" content=\"F\u00f6retagsinformation &gt; Rauma - Sealmaker Finland Oy\" \/>\n<meta property=\"og:description\" content=\"Sealmaker Finland Oy som f\u00f6retag: Vi tillverkar och s\u00e4ljer t\u00e4tningar, isolering och f\u00f6rpackningar f\u00f6r industrin av olika material.\" \/>\n<meta property=\"og:url\" content=\"https:\/\/sealmaker.fi\/sv\/foretaget\/\" \/>\n<meta property=\"og:site_name\" content=\"Sealmaker\" \/>\n<meta property=\"article:modified_time\" content=\"2025-06-26T17:12:36+00:00\" \/>\n<meta name=\"twitter:card\" content=\"summary_large_image\" \/>\n<script type=\"application\/ld+json\" class=\"yoast-schema-graph\">{\"@context\":\"https:\/\/schema.org\",\"@graph\":[{\"@type\":\"WebPage\",\"@id\":\"https:\/\/sealmaker.fi\/sv\/foretaget\/\",\"url\":\"https:\/\/sealmaker.fi\/sv\/foretaget\/\",\"name\":\"F\u00f6retagsinformation > Rauma - Sealmaker Finland Oy\",\"isPartOf\":{\"@id\":\"https:\/\/sealmaker.fi\/#website\"},\"datePublished\":\"2024-05-06T19:19:51+00:00\",\"dateModified\":\"2025-06-26T17:12:36+00:00\",\"description\":\"Sealmaker Finland Oy som f\u00f6retag: Vi tillverkar och s\u00e4ljer t\u00e4tningar, isolering och f\u00f6rpackningar f\u00f6r industrin av olika material.\",\"breadcrumb\":{\"@id\":\"https:\/\/sealmaker.fi\/sv\/foretaget\/#breadcrumb\"},\"inLanguage\":\"sv-SE\",\"potentialAction\":[{\"@type\":\"ReadAction\",\"target\":[\"https:\/\/sealmaker.fi\/sv\/foretaget\/\"]}]},{\"@type\":\"BreadcrumbList\",\"@id\":\"https:\/\/sealmaker.fi\/sv\/foretaget\/#breadcrumb\",\"itemListElement\":[{\"@type\":\"ListItem\",\"position\":1,\"name\":\"Etusivu\",\"item\":\"https:\/\/sealmaker.fi\/sv\/\"},{\"@type\":\"ListItem\",\"position\":2,\"name\":\"F\u00f6retaget\"}]},{\"@type\":\"WebSite\",\"@id\":\"https:\/\/sealmaker.fi\/#website\",\"url\":\"https:\/\/sealmaker.fi\/\",\"name\":\"Sealmaker\",\"description\":\"\",\"potentialAction\":[{\"@type\":\"SearchAction\",\"target\":{\"@type\":\"EntryPoint\",\"urlTemplate\":\"https:\/\/sealmaker.fi\/?s={search_term_string}\"},\"query-input\":{\"@type\":\"PropertyValueSpecification\",\"valueRequired\":true,\"valueName\":\"search_term_string\"}}],\"inLanguage\":\"sv-SE\"}]}<\/script>\n<!-- \/ Yoast SEO plugin. -->","yoast_head_json":{"title":"F\u00f6retagsinformation > Rauma - Sealmaker Finland Oy","description":"Sealmaker Finland Oy som f\u00f6retag: Vi tillverkar och s\u00e4ljer t\u00e4tningar, isolering och f\u00f6rpackningar f\u00f6r industrin av olika material.","robots":{"index":"index","follow":"follow","max-snippet":"max-snippet:-1","max-image-preview":"max-image-preview:large","max-video-preview":"max-video-preview:-1"},"canonical":"https:\/\/sealmaker.fi\/sv\/foretaget\/","og_locale":"sv_SE","og_type":"article","og_title":"F\u00f6retagsinformation > Rauma - Sealmaker Finland Oy","og_description":"Sealmaker Finland Oy som f\u00f6retag: Vi tillverkar och s\u00e4ljer t\u00e4tningar, isolering och f\u00f6rpackningar f\u00f6r industrin av olika material.","og_url":"https:\/\/sealmaker.fi\/sv\/foretaget\/","og_site_name":"Sealmaker","article_modified_time":"2025-06-26T17:12:36+00:00","twitter_card":"summary_large_image","schema":{"@context":"https:\/\/schema.org","@graph":[{"@type":"WebPage","@id":"https:\/\/sealmaker.fi\/sv\/foretaget\/","url":"https:\/\/sealmaker.fi\/sv\/foretaget\/","name":"F\u00f6retagsinformation > Rauma - Sealmaker Finland Oy","isPartOf":{"@id":"https:\/\/sealmaker.fi\/#website"},"datePublished":"2024-05-06T19:19:51+00:00","dateModified":"2025-06-26T17:12:36+00:00","description":"Sealmaker Finland Oy som f\u00f6retag: Vi tillverkar och s\u00e4ljer t\u00e4tningar, isolering och f\u00f6rpackningar f\u00f6r industrin av olika material.","breadcrumb":{"@id":"https:\/\/sealmaker.fi\/sv\/foretaget\/#breadcrumb"},"inLanguage":"sv-SE","potentialAction":[{"@type":"ReadAction","target":["https:\/\/sealmaker.fi\/sv\/foretaget\/"]}]},{"@type":"BreadcrumbList","@id":"https:\/\/sealmaker.fi\/sv\/foretaget\/#breadcrumb","itemListElement":[{"@type":"ListItem","position":1,"name":"Etusivu","item":"https:\/\/sealmaker.fi\/sv\/"},{"@type":"ListItem","position":2,"name":"F\u00f6retaget"}]},{"@type":"WebSite","@id":"https:\/\/sealmaker.fi\/#website","url":"https:\/\/sealmaker.fi\/","name":"Sealmaker","description":"","potentialAction":[{"@type":"SearchAction","target":{"@type":"EntryPoint","urlTemplate":"https:\/\/sealmaker.fi\/?s={search_term_string}"},"query-input":{"@type":"PropertyValueSpecification","valueRequired":true,"valueName":"search_term_string"}}],"inLanguage":"sv-SE"}]}},"_links":{"self":[{"href":"https:\/\/sealmaker.fi\/sv\/wp-json\/wp\/v2\/pages\/255","targetHints":{"allow":["GET"]}}],"collection":[{"href":"https:\/\/sealmaker.fi\/sv\/wp-json\/wp\/v2\/pages"}],"about":[{"href":"https:\/\/sealmaker.fi\/sv\/wp-json\/wp\/v2\/types\/page"}],"author":[{"embeddable":true,"href":"https:\/\/sealmaker.fi\/sv\/wp-json\/wp\/v2\/users\/1"}],"replies":[{"embeddable":true,"href":"https:\/\/sealmaker.fi\/sv\/wp-json\/wp\/v2\/comments?post=255"}],"version-history":[{"count":3,"href":"https:\/\/sealmaker.fi\/sv\/wp-json\/wp\/v2\/pages\/255\/revisions"}],"predecessor-version":[{"id":347,"href":"https:\/\/sealmaker.fi\/sv\/wp-json\/wp\/v2\/pages\/255\/revisions\/347"}],"wp:attachment":[{"href":"https:\/\/sealmaker.fi\/sv\/wp-json\/wp\/v2\/media?parent=255"}],"curies":[{"name":"wp","href":"https:\/\/api.w.org\/{rel}","templated":true}]}}