{"id":261,"date":"2024-05-06T22:18:55","date_gmt":"2024-05-06T19:18:55","guid":{"rendered":"https:\/\/sealmaker.fi\/?page_id=261"},"modified":"2025-06-26T20:32:43","modified_gmt":"2025-06-26T17:32:43","slug":"tatning","status":"publish","type":"page","link":"https:\/\/sealmaker.fi\/sv\/tatning\/","title":{"rendered":"T\u00e4tning"},"content":{"rendered":"","protected":false},"excerpt":{"rendered":"","protected":false},"author":1,"featured_media":0,"parent":0,"menu_order":0,"comment_status":"closed","ping_status":"closed","template":"","meta":{"footnotes":""},"class_list":["post-261","page","type-page","status-publish","hentry"],"yoast_head":"<!-- This site is optimized with the Yoast SEO plugin v27.2 - https:\/\/yoast.com\/product\/yoast-seo-wordpress\/ -->\n<title>T\u00e4tning fr\u00e5n prototyper till produktionsserie - Sealmaker Finland Oy<\/title>\n<meta name=\"description\" content=\"T\u00e4tning som \u00e4r noggrant designade och tillverkade enligt applikationen. V\u00e5ra produkter \u00e4r m\u00e5ngsidiga f\u00f6r olika t\u00e4tningsbehov. L\u00e4s mer!\" \/>\n<meta name=\"robots\" content=\"index, follow, max-snippet:-1, max-image-preview:large, max-video-preview:-1\" \/>\n<link rel=\"canonical\" href=\"https:\/\/sealmaker.fi\/sv\/tatning\/\" \/>\n<meta property=\"og:locale\" content=\"sv_SE\" \/>\n<meta property=\"og:type\" content=\"article\" \/>\n<meta property=\"og:title\" content=\"T\u00e4tning fr\u00e5n prototyper till produktionsserie - Sealmaker Finland Oy\" \/>\n<meta property=\"og:description\" content=\"T\u00e4tning som \u00e4r noggrant designade och tillverkade enligt applikationen. V\u00e5ra produkter \u00e4r m\u00e5ngsidiga f\u00f6r olika t\u00e4tningsbehov. L\u00e4s mer!\" \/>\n<meta property=\"og:url\" content=\"https:\/\/sealmaker.fi\/sv\/tatning\/\" \/>\n<meta property=\"og:site_name\" content=\"Sealmaker\" \/>\n<meta property=\"article:modified_time\" content=\"2025-06-26T17:32:43+00:00\" \/>\n<meta name=\"twitter:card\" content=\"summary_large_image\" \/>\n<script type=\"application\/ld+json\" class=\"yoast-schema-graph\">{\"@context\":\"https:\/\/schema.org\",\"@graph\":[{\"@type\":\"WebPage\",\"@id\":\"https:\/\/sealmaker.fi\/sv\/tatning\/\",\"url\":\"https:\/\/sealmaker.fi\/sv\/tatning\/\",\"name\":\"T\u00e4tning fr\u00e5n prototyper till produktionsserie - Sealmaker Finland Oy\",\"isPartOf\":{\"@id\":\"https:\/\/sealmaker.fi\/#website\"},\"datePublished\":\"2024-05-06T19:18:55+00:00\",\"dateModified\":\"2025-06-26T17:32:43+00:00\",\"description\":\"T\u00e4tning som \u00e4r noggrant designade och tillverkade enligt applikationen. V\u00e5ra produkter \u00e4r m\u00e5ngsidiga f\u00f6r olika t\u00e4tningsbehov. L\u00e4s mer!\",\"breadcrumb\":{\"@id\":\"https:\/\/sealmaker.fi\/sv\/tatning\/#breadcrumb\"},\"inLanguage\":\"sv-SE\",\"potentialAction\":[{\"@type\":\"ReadAction\",\"target\":[\"https:\/\/sealmaker.fi\/sv\/tatning\/\"]}]},{\"@type\":\"BreadcrumbList\",\"@id\":\"https:\/\/sealmaker.fi\/sv\/tatning\/#breadcrumb\",\"itemListElement\":[{\"@type\":\"ListItem\",\"position\":1,\"name\":\"Etusivu\",\"item\":\"https:\/\/sealmaker.fi\/sv\/\"},{\"@type\":\"ListItem\",\"position\":2,\"name\":\"T\u00e4tning\"}]},{\"@type\":\"WebSite\",\"@id\":\"https:\/\/sealmaker.fi\/#website\",\"url\":\"https:\/\/sealmaker.fi\/\",\"name\":\"Sealmaker\",\"description\":\"\",\"potentialAction\":[{\"@type\":\"SearchAction\",\"target\":{\"@type\":\"EntryPoint\",\"urlTemplate\":\"https:\/\/sealmaker.fi\/?s={search_term_string}\"},\"query-input\":{\"@type\":\"PropertyValueSpecification\",\"valueRequired\":true,\"valueName\":\"search_term_string\"}}],\"inLanguage\":\"sv-SE\"}]}<\/script>\n<!-- \/ Yoast SEO plugin. -->","yoast_head_json":{"title":"T\u00e4tning fr\u00e5n prototyper till produktionsserie - Sealmaker Finland Oy","description":"T\u00e4tning som \u00e4r noggrant designade och tillverkade enligt applikationen. V\u00e5ra produkter \u00e4r m\u00e5ngsidiga f\u00f6r olika t\u00e4tningsbehov. L\u00e4s mer!","robots":{"index":"index","follow":"follow","max-snippet":"max-snippet:-1","max-image-preview":"max-image-preview:large","max-video-preview":"max-video-preview:-1"},"canonical":"https:\/\/sealmaker.fi\/sv\/tatning\/","og_locale":"sv_SE","og_type":"article","og_title":"T\u00e4tning fr\u00e5n prototyper till produktionsserie - Sealmaker Finland Oy","og_description":"T\u00e4tning som \u00e4r noggrant designade och tillverkade enligt applikationen. V\u00e5ra produkter \u00e4r m\u00e5ngsidiga f\u00f6r olika t\u00e4tningsbehov. L\u00e4s mer!","og_url":"https:\/\/sealmaker.fi\/sv\/tatning\/","og_site_name":"Sealmaker","article_modified_time":"2025-06-26T17:32:43+00:00","twitter_card":"summary_large_image","schema":{"@context":"https:\/\/schema.org","@graph":[{"@type":"WebPage","@id":"https:\/\/sealmaker.fi\/sv\/tatning\/","url":"https:\/\/sealmaker.fi\/sv\/tatning\/","name":"T\u00e4tning fr\u00e5n prototyper till produktionsserie - Sealmaker Finland Oy","isPartOf":{"@id":"https:\/\/sealmaker.fi\/#website"},"datePublished":"2024-05-06T19:18:55+00:00","dateModified":"2025-06-26T17:32:43+00:00","description":"T\u00e4tning som \u00e4r noggrant designade och tillverkade enligt applikationen. V\u00e5ra produkter \u00e4r m\u00e5ngsidiga f\u00f6r olika t\u00e4tningsbehov. L\u00e4s mer!","breadcrumb":{"@id":"https:\/\/sealmaker.fi\/sv\/tatning\/#breadcrumb"},"inLanguage":"sv-SE","potentialAction":[{"@type":"ReadAction","target":["https:\/\/sealmaker.fi\/sv\/tatning\/"]}]},{"@type":"BreadcrumbList","@id":"https:\/\/sealmaker.fi\/sv\/tatning\/#breadcrumb","itemListElement":[{"@type":"ListItem","position":1,"name":"Etusivu","item":"https:\/\/sealmaker.fi\/sv\/"},{"@type":"ListItem","position":2,"name":"T\u00e4tning"}]},{"@type":"WebSite","@id":"https:\/\/sealmaker.fi\/#website","url":"https:\/\/sealmaker.fi\/","name":"Sealmaker","description":"","potentialAction":[{"@type":"SearchAction","target":{"@type":"EntryPoint","urlTemplate":"https:\/\/sealmaker.fi\/?s={search_term_string}"},"query-input":{"@type":"PropertyValueSpecification","valueRequired":true,"valueName":"search_term_string"}}],"inLanguage":"sv-SE"}]}},"_links":{"self":[{"href":"https:\/\/sealmaker.fi\/sv\/wp-json\/wp\/v2\/pages\/261","targetHints":{"allow":["GET"]}}],"collection":[{"href":"https:\/\/sealmaker.fi\/sv\/wp-json\/wp\/v2\/pages"}],"about":[{"href":"https:\/\/sealmaker.fi\/sv\/wp-json\/wp\/v2\/types\/page"}],"author":[{"embeddable":true,"href":"https:\/\/sealmaker.fi\/sv\/wp-json\/wp\/v2\/users\/1"}],"replies":[{"embeddable":true,"href":"https:\/\/sealmaker.fi\/sv\/wp-json\/wp\/v2\/comments?post=261"}],"version-history":[{"count":3,"href":"https:\/\/sealmaker.fi\/sv\/wp-json\/wp\/v2\/pages\/261\/revisions"}],"predecessor-version":[{"id":360,"href":"https:\/\/sealmaker.fi\/sv\/wp-json\/wp\/v2\/pages\/261\/revisions\/360"}],"wp:attachment":[{"href":"https:\/\/sealmaker.fi\/sv\/wp-json\/wp\/v2\/media?parent=261"}],"curies":[{"name":"wp","href":"https:\/\/api.w.org\/{rel}","templated":true}]}}